{"id":229,"date":"2023-12-05T13:51:40","date_gmt":"2023-12-05T13:51:40","guid":{"rendered":"https:\/\/mueblesgamez.com\/?page_id=229"},"modified":"2023-12-05T13:53:23","modified_gmt":"2023-12-05T13:53:23","slug":"terminos","status":"publish","type":"page","link":"https:\/\/mueblesgamez.com\/index.php\/terminos\/","title":{"rendered":"T\u00e9rminos y condiciones"},"content":{"rendered":"\t\t<div data-elementor-type=\"wp-page\" data-elementor-id=\"229\" class=\"elementor elementor-229\">\n\t\t\t\t<div class=\"elementor-element elementor-element-42fa87ae e-flex e-con-boxed e-con e-parent\" data-id=\"42fa87ae\" data-element_type=\"container\" data-e-type=\"container\">\n\t\t\t\t\t<div class=\"e-con-inner\">\n\t\t\t\t<div class=\"elementor-element elementor-element-3c135444 elementor-widget elementor-widget-text-editor\" data-id=\"3c135444\" data-element_type=\"widget\" data-e-type=\"widget\" data-widget_type=\"text-editor.default\">\n\t\t\t\t<div class=\"elementor-widget-container\">\n\t\t\t\t\t\t\t\t\t<p>En cumplimiento con el deber de informaci\u00f3n recogido en art\u00edculo 10 de la Ley 34\/2002, de 11 de Julio, de Servicios de la Sociedad de la Informaci\u00f3n y del Comercio Electr\u00f3nico, le informamos que el Sitio Web <a href=\"http:\/\/www.mueblesgamez.com\/\">www.mueblesgamez.com<\/a> (en adelante, la \u201cWeb\u201d) es titularidad de Miguel \u00c1ngel Gamez Claros, con domicilio social en Miguel \u00c1ngel Gamez Claros, Torremolinos, M\u00e1laga de Espa\u00f1a, y con NIF 25716858Y.<\/p>\n<p><strong>C<\/strong><strong>ond<\/strong><strong>ici<\/strong><strong>one<\/strong><strong>s de uso<\/strong><\/p>\n<p>Las presentes Condiciones describen los t\u00e9rminos aplicables a los servicios y contenidos ofrecidos a trav\u00e9s del sitio web <a href=\"http:\/\/www.mueblesgamez.com\/\">www.mueblesgamez.com<\/a> y regulan las relaciones jur\u00eddicas entre Miguel \u00c1ngel Gamez Claros y el cliente.<\/p>\n<p>El acceso a la web es de car\u00e1cter libre y gratuito, la utilizaci\u00f3n de la Web supone la aceptaci\u00f3n sin reservas de la totalidad de las Condiciones de Uso. Si no estuvieras de acuerdo con estas condiciones debes abstenerte de utilizar esta p\u00e1gina.<\/p>\n<p>La visita al sitio eCommerce por parte del usuario deber\u00e1 hacerse de forma responsable y de conformidad a la legalidad vigente, la buena fe, las presentes Condiciones y respetando los derechos de propiedad intelectual e industrial de titularidad de Miguel \u00c1ngel Gamez Claros o cualquier otras personas f\u00edsicas o jur\u00eddicas.<\/p>\n<p>El uso de cualquiera de los contenidos del sitio Web con finalidades que sean o pudieran ser il\u00edcitas queda totalmente prohibido, as\u00ed como la realizaci\u00f3n de cualquier acci\u00f3n que cause o pueda causar da\u00f1os o alteraciones de cualquier tipo no consentidas por Miguel \u00c1ngel Gamez Claros, al sitio eCommerce o a sus contenidos.<\/p>\n<p>El sitio Web y los productos y servicios ofrecidos por Miguel \u00c1ngel Gamez Claros est\u00e1 dirigido a mayores de edad con la capacidad jur\u00eddica suficiente para poder quedar vinculado por las presentes Condiciones de Uso. Es posible que la utilizaci\u00f3n de ciertos servicios o la contrataci\u00f3n de algunos bienes o servicios est\u00e9 sujeto a condiciones especiales complementarias que requerir\u00e1n el consentimiento expreso y que prevalecer\u00e1n en todo caso sobre las presentes condiciones generales.<\/p>\n<p><strong>Descubre Nuestros Productos \u00danicos<\/strong><\/p>\n<p>Bienvenido a nuestro cat\u00e1logo de productos, donde la calidad y la variedad se unen para ofrecerte lo mejor. En este espacio, encontrar\u00e1s una selecci\u00f3n cuidadosa de productos que se adaptan a tus necesidades y estilo. Sin embargo, antes de comenzar tu viaje por nuestra oferta, queremos compartir contigo algunos detalles importantes:<\/p>\n<p><strong>Atenci\u00f3n al Cliente<\/strong><\/p>\n<p>Estamos aqu\u00ed\u00a0 para ayudarte en\u00a0 cada paso de tu experiencia de \u00a0compra. Si tienes alguna pregunta, inquietud o necesitas informaci\u00f3n adicional sobre nuestros productos, no dudes en ponerte en contacto con nosotros. Nuestro equipo de atenci\u00f3n al cliente est\u00e1 disponible a trav\u00e9s de correo electr\u00f3nico y por tel\u00e9fono. Estamos comprometidos a brindarte la mejor asistencia posible.<\/p>\n<p><strong>C<\/strong><strong>o<\/strong><strong>l<\/strong><strong>o<\/strong><strong>r<\/strong><strong>e<\/strong><strong>s y Tonalidades<\/strong><\/p>\n<p>Las im\u00e1genes que ves en nuestra p\u00e1gina web son representaciones visuales de nuestros productos. Debido a variaciones en la configuraci\u00f3n de color de las pantallas y la iluminaci\u00f3n, es posible que los colores y tonalidades reales var\u00eden ligeramente. Si deseas confirmar los colores o tonalidades exactas de un producto, no dudes en contactar a nuestro equipo a trav\u00e9s de correo electr\u00f3nico o por tel\u00e9fono. Estaremos encantados de proporcionarte informaci\u00f3n detallada.<\/p>\n<p><strong>Med<\/strong><strong>i<\/strong><strong>da<\/strong><strong>s y Dimensiones<\/strong><\/p>\n<p>Las dimensiones y medidas de nuestros productos se proporcionan en nuestra p\u00e1gina web como referencia. Para obtener informaci\u00f3n precisa y detallada sobre las dimensiones de un producto en particular, te recomendamos que te pongas en contacto con nosotros. Nuestro personal experto estar\u00e1 encantado de ayudarte a obtener los datos precisos que necesitas.<\/p>\n<p><strong>Precios y Promociones<\/strong><\/p>\n<p>Los precios de nuestros productos son los que se muestran en la p\u00e1gina web en el momento de la consulta. Nos esforzamos por mantener nuestros precios actualizados, pero las tarifas pueden cambiar debido a promociones especiales, ofertas o ajustes de costos. Te invitamos a ponerte en contacto con nosotros para obtener informaci\u00f3n actualizada sobre los precios y las promociones vigentes.<\/p>\n<p><strong>Forma de pago<\/strong><\/p>\n<p>La adquisici\u00f3n de los productos a trav\u00e9s de <a href=\"http:\/\/www.mueblesgamez.com\/\">www.mueblesgamez.com<\/a> permite las siguientes formas de pago:<\/p>\n<ul>\n<li>En met\u00e1lico en nuestras instalaciones.<\/li>\n<li>Por transferencias siguiendo las instrucciones de nuestro personal.<\/li>\n<li>TPV virtual con nuestra pasarela de pago BBVA<\/li>\n<\/ul>\n<p><strong>Ti<\/strong><strong>e<\/strong><strong>mpo de Entrega<\/strong><\/p>\n<p>El tiempo de entrega estimado para cada producto se indica en la p\u00e1gina web como una referencia general. Sin embargo, ten en cuenta que los plazos de entrega pueden variar seg\u00fan la ubicaci\u00f3n, la disponibilidad y otras circunstancias. Para obtener informaci\u00f3n precisa sobre el tiempo de entrega de tu pedido, por favor, cont\u00e1ctanos y estaremos encantados de proporcionarte una estimaci\u00f3n precisa.<\/p>\n<p><strong>C<\/strong><strong>ond<\/strong><strong>ici<\/strong><strong>one<\/strong><strong>s de env\u00edo<\/strong><\/p>\n<p><a href=\"http:\/\/www.mueblesgamez.com\/\">www.mueblesgamez.com<\/a> \u00fanicamente env\u00eda sus productos a: Espa\u00f1a \u201cpen\u00ednsula\u201d.<\/p>\n<p>La compra est\u00e1 sujeta al pago de gastos de env\u00edo, a cuenta del comprador. Los gastos de env\u00edo depender\u00e1n del destino y del importe total del pedido, los gastos se detallar\u00e1n a lo largo del proceso de compra y podr\u00e1s revisar a cu\u00e1nto ascienden los gastos de env\u00edo antes de finalizar la compra.<\/p>\n<p><a href=\"http:\/\/www.mueblesgamez.com\/\">www.mueblesgamez.com<\/a> no se har\u00e1 responsable de la demora en la entrega de los pedidos por causas no imputables a la misma, as\u00ed como por casos fortuitos o de fuerza mayor.<\/p>\n<p>La entrega se realizar\u00e1 mediante la empresa de transporte: PROPIA EMPRESA.<\/p>\n<p><strong>G<\/strong><strong>a<\/strong><strong>r<\/strong><strong>an<\/strong><strong>t\u00eda de bienes de consumo<\/strong><\/p>\n<p>Como cliente, tienes la consideraci\u00f3n de consumidor de conformidad con el Real Decreto Legislativo 1\/2007, de 16 de noviembre, por el que se aprueba el texto refundido de la Ley General para la Defensa de los Consumidores y Usuarios y otras leyes complementarias (en adelante, \u00abTRLGDCU\u00bb).<\/p>\n<p>En consecuencia, cuentas con el derecho de desistimiento que consiste en que puedas dejar sin efecto el contrato celebrado sin necesidad de justificar tu decisi\u00f3n durante los catorce (14) d\u00edas naturales desde que se reciba el bien adquirido o desde la celebraci\u00f3n del contrato si se trata de una prestaci\u00f3n de servicios.<\/p>\n<p>Deber\u00e1s manifestar tu intenci\u00f3n de desistir en el plazo indicado y proceder a la devoluci\u00f3n del producto, reembols\u00e1ndote el precio abonado.<\/p>\n<p>En caso de tener problemas con productos o servicios adquiridos en esta Web puedes presentar una reclamaci\u00f3n mediante la plataforma de resoluci\u00f3n de litigios de la Uni\u00f3n Europea \u00a0<a href=\"https:\/\/ec.europa.eu\/consumers\/odr\/main\/index.cfm?event=main.home.chooseLanguage\">aqu\u00ed .<\/a> Miguel \u00c1ngel Gamez Claros se reserva la potestad de negarse a aceptar la reclamaci\u00f3n presentada a trav\u00e9s de la plataforma.<\/p>\n<p><strong>I<\/strong><strong>n<\/strong><strong>formaci\u00f3n Legal.<\/strong><\/p>\n<p>A continuaci\u00f3n, te presentamos algunos textos legales importantes:<\/p>\n<p><strong>Pol\u00edtica de Privacidad: <\/strong>Para obtener informaci\u00f3n detallada sobre c\u00f3mo manejamos tus datos personales, te invitamos a revisar nuestra Pol\u00edtica de Privacidad en el enlace correspondiente.<\/p>\n<p><strong>T<\/strong><strong>\u00e9<\/strong><strong>r<\/strong><strong>m<\/strong><strong>i<\/strong><strong>no<\/strong><strong>s y Condiciones: <\/strong>Antes de realizar una compra, aseg\u00farate de leer y comprender nuestros T\u00e9rminos y Condiciones, que rigen las transacciones en nuestra plataforma.<\/p>\n<p><strong>N<\/strong><strong>u<\/strong><strong>li<\/strong><strong>da<\/strong><strong>d e ineficacia de las cl\u00e1usulas<\/strong><\/p>\n<p>Si cualquier cl\u00e1usula incluida en las presentes Condiciones fuese declarada total o parcialmente, nula o ineficaz, tal nulidad o ineficacia tan s\u00f3lo afectar\u00e1 a dicha disposici\u00f3n, subsistiendo las presentes Condiciones Generales en todo lo dem\u00e1s, teni\u00e9ndose tal disposici\u00f3n por no incluida.<\/p>\n<p><strong>Legislaci\u00f3n aplicable y jurisdicci\u00f3n competente<\/strong><\/p>\n<p>Las presentes condiciones se rigen de conformidad con la legislaci\u00f3n espa\u00f1ola. Miguel \u00c1ngel Gamez Claros y el usuario acuerdan someter las controversias que pudieran surgir en relaci\u00f3n a la contrataci\u00f3n de productos o servicios objeto de estas Condiciones Generales, a los Juzgados y Tribunales del domicilio del Usuario.<\/p>\n<p>Gracias por visitar nuestra p\u00e1gina web y explorar nuestro cat\u00e1logo de productos. Esperamos que encuentres lo que est\u00e1s buscando y que est\u00e9s encantado con tu elecci\u00f3n. Siempre estamos aqu\u00ed para ayudarte, as\u00ed que no dudes en comunicarte con nosotros en cualquier momento. \u00a1Disfruta de tu experiencia de compra!<\/p>\t\t\t\t\t\t\t\t<\/div>\n\t\t\t\t<\/div>\n\t\t\t\t\t<\/div>\n\t\t\t\t<\/div>\n\t\t\t\t<\/div>\n\t\t","protected":false},"excerpt":{"rendered":"<p>En cumplimiento con el deber de informaci\u00f3n recogido en art\u00edculo 10 de la Ley 34\/2002, de 11 de Julio, de Servicios de la Sociedad de la Informaci\u00f3n y del Comercio Electr\u00f3nico, le informamos que el Sitio Web www.mueblesgamez.com (en adelante, la \u201cWeb\u201d) es titularidad de Miguel \u00c1ngel Gamez Claros, con domicilio social en Miguel \u00c1ngel [&hellip;]<\/p>\n","protected":false},"author":1,"featured_media":0,"parent":0,"menu_order":0,"comment_status":"closed","ping_status":"closed","template":"","meta":{"footnotes":""},"class_list":["post-229","page","type-page","status-publish","hentry"],"_links":{"self":[{"href":"https:\/\/mueblesgamez.com\/index.php\/wp-json\/wp\/v2\/pages\/229","targetHints":{"allow":["GET"]}}],"collection":[{"href":"https:\/\/mueblesgamez.com\/index.php\/wp-json\/wp\/v2\/pages"}],"about":[{"href":"https:\/\/mueblesgamez.com\/index.php\/wp-json\/wp\/v2\/types\/page"}],"author":[{"embeddable":true,"href":"https:\/\/mueblesgamez.com\/index.php\/wp-json\/wp\/v2\/users\/1"}],"replies":[{"embeddable":true,"href":"https:\/\/mueblesgamez.com\/index.php\/wp-json\/wp\/v2\/comments?post=229"}],"version-history":[{"count":4,"href":"https:\/\/mueblesgamez.com\/index.php\/wp-json\/wp\/v2\/pages\/229\/revisions"}],"predecessor-version":[{"id":245,"href":"https:\/\/mueblesgamez.com\/index.php\/wp-json\/wp\/v2\/pages\/229\/revisions\/245"}],"wp:attachment":[{"href":"https:\/\/mueblesgamez.com\/index.php\/wp-json\/wp\/v2\/media?parent=229"}],"curies":[{"name":"wp","href":"https:\/\/api.w.org\/{rel}","templated":true}]}}