{"id":39,"date":"2023-02-15T21:29:38","date_gmt":"2023-02-15T21:29:38","guid":{"rendered":"https:\/\/mueblesgamez.linkasoftwebs.com\/?page_id=39"},"modified":"2023-12-05T12:45:00","modified_gmt":"2023-12-05T12:45:00","slug":"inicio","status":"publish","type":"page","link":"https:\/\/mueblesgamez.com\/","title":{"rendered":"Inicio"},"content":{"rendered":"\n<div class=\"wp-block-columns is-layout-flex wp-container-core-columns-is-layout-9d6595d7 wp-block-columns-is-layout-flex\">\n<div class=\"wp-block-column is-layout-flow wp-block-column-is-layout-flow\">\n<figure class=\"wp-block-image size-full radius-1\"><img fetchpriority=\"high\" decoding=\"async\" width=\"1000\" height=\"665\" src=\"https:\/\/mueblesgamez.com\/wp-content\/uploads\/2023\/12\/home-img-01.jpg\" alt=\"\" class=\"wp-image-215\" srcset=\"https:\/\/mueblesgamez.com\/wp-content\/uploads\/2023\/12\/home-img-01.jpg 1000w, https:\/\/mueblesgamez.com\/wp-content\/uploads\/2023\/12\/home-img-01-300x200.jpg 300w, https:\/\/mueblesgamez.com\/wp-content\/uploads\/2023\/12\/home-img-01-768x511.jpg 768w, https:\/\/mueblesgamez.com\/wp-content\/uploads\/2023\/12\/home-img-01-600x399.jpg 600w, https:\/\/mueblesgamez.com\/wp-content\/uploads\/2023\/12\/home-img-01-40x27.jpg 40w, https:\/\/mueblesgamez.com\/wp-content\/uploads\/2023\/12\/home-img-01-55x37.jpg 55w, https:\/\/mueblesgamez.com\/wp-content\/uploads\/2023\/12\/home-img-01-100x67.jpg 100w\" sizes=\"(max-width: 1000px) 100vw, 1000px\" \/><\/figure>\n<\/div>\n\n\n\n<div class=\"wp-block-column is-vertically-aligned-center is-layout-flow wp-block-column-is-layout-flow\">\n<h2 class=\"wp-block-heading\"><span style=\"color: #06a7ad\">Tus dulces sue\u00f1os est\u00e1n aqu\u00ed.<\/span><\/h2>\n\n\n\n<p>En Muebles G\u00e1mez llevamos m\u00e1s de 15 a\u00f1os en el mundo del mueble. Conocemos de primera mano la importancia del descanso, y contamos con una gran variedad de colchones y canap\u00e9s para que se ajusten a tus necesidades. <\/p>\n\n\n\n<p><\/p>\n<\/div>\n<\/div>\n\n\n\n<hr class=\"wp-block-separator has-css-opacity\" \/>\n\n\n\n<p><\/p>\n\n\n\n<p><\/p>\n\n\n\n<p><br><\/p>\n\n\n\n<p><\/p>\n\n\n\n<div class=\"wp-block-columns is-layout-flex wp-container-core-columns-is-layout-9d6595d7 wp-block-columns-is-layout-flex\">\n<div class=\"wp-block-column is-layout-flow wp-block-column-is-layout-flow\"><div class=\"wp-block-image\">\n<figure class=\"aligncenter size-full is-resized\"><img decoding=\"async\" width=\"512\" height=\"512\" src=\"https:\/\/mueblesgamez.com\/wp-content\/uploads\/2023\/12\/home-icon-01-1.png\" alt=\"\" class=\"wp-image-217\" style=\"width:64px;height:64px\" srcset=\"https:\/\/mueblesgamez.com\/wp-content\/uploads\/2023\/12\/home-icon-01-1.png 512w, https:\/\/mueblesgamez.com\/wp-content\/uploads\/2023\/12\/home-icon-01-1-300x300.png 300w, https:\/\/mueblesgamez.com\/wp-content\/uploads\/2023\/12\/home-icon-01-1-150x150.png 150w, https:\/\/mueblesgamez.com\/wp-content\/uploads\/2023\/12\/home-icon-01-1-100x100.png 100w, https:\/\/mueblesgamez.com\/wp-content\/uploads\/2023\/12\/home-icon-01-1-40x40.png 40w, https:\/\/mueblesgamez.com\/wp-content\/uploads\/2023\/12\/home-icon-01-1-55x55.png 55w\" sizes=\"(max-width: 512px) 100vw, 512px\" \/><\/figure>\n<\/div>\n\n\n<p><\/p>\n\n\n\n<h5 class=\"wp-block-heading has-text-align-center\"><span style=\"color: #06a7ad\">Tecnolog\u00eda anti\u00e1caros<\/span><\/h5>\n\n\n\n<p><\/p>\n\n\n\n<p class=\"has-text-align-center\">Contamos con colchones antial\u00e9rgicos para que disfrutes de un mejor descanso. <\/p>\n<\/div>\n\n\n\n<div class=\"wp-block-column is-vertically-aligned-top is-layout-flow wp-block-column-is-layout-flow\"><div class=\"wp-block-image\">\n<figure class=\"aligncenter size-full is-resized\"><img decoding=\"async\" width=\"512\" height=\"512\" src=\"https:\/\/mueblesgamez.com\/wp-content\/uploads\/2023\/12\/home-icon-02-1.png\" alt=\"\" class=\"wp-image-218\" style=\"width:64px;height:64px\" srcset=\"https:\/\/mueblesgamez.com\/wp-content\/uploads\/2023\/12\/home-icon-02-1.png 512w, https:\/\/mueblesgamez.com\/wp-content\/uploads\/2023\/12\/home-icon-02-1-300x300.png 300w, https:\/\/mueblesgamez.com\/wp-content\/uploads\/2023\/12\/home-icon-02-1-150x150.png 150w, https:\/\/mueblesgamez.com\/wp-content\/uploads\/2023\/12\/home-icon-02-1-100x100.png 100w, https:\/\/mueblesgamez.com\/wp-content\/uploads\/2023\/12\/home-icon-02-1-40x40.png 40w, https:\/\/mueblesgamez.com\/wp-content\/uploads\/2023\/12\/home-icon-02-1-55x55.png 55w\" sizes=\"(max-width: 512px) 100vw, 512px\" \/><\/figure>\n<\/div>\n\n\n<p><\/p>\n\n\n\n<h5 class=\"wp-block-heading has-text-align-center\"><span style=\"color: #06a7ad\">Variedad de tapicer\u00edas<\/span><\/h5>\n\n\n\n<p><\/p>\n\n\n\n<p class=\"has-text-align-center\">Una amplia gama de colores para personalizar tu sof\u00e1 como quieras.<\/p>\n<\/div>\n\n\n\n<div class=\"wp-block-column is-layout-flow wp-block-column-is-layout-flow\"><div class=\"wp-block-image\">\n<figure class=\"aligncenter size-full is-resized\"><img loading=\"lazy\" decoding=\"async\" width=\"512\" height=\"512\" src=\"https:\/\/mueblesgamez.com\/wp-content\/uploads\/2023\/12\/home-icon-03-1.png\" alt=\"\" class=\"wp-image-219\" style=\"width:64px;height:64px\" srcset=\"https:\/\/mueblesgamez.com\/wp-content\/uploads\/2023\/12\/home-icon-03-1.png 512w, https:\/\/mueblesgamez.com\/wp-content\/uploads\/2023\/12\/home-icon-03-1-300x300.png 300w, https:\/\/mueblesgamez.com\/wp-content\/uploads\/2023\/12\/home-icon-03-1-150x150.png 150w, https:\/\/mueblesgamez.com\/wp-content\/uploads\/2023\/12\/home-icon-03-1-100x100.png 100w, https:\/\/mueblesgamez.com\/wp-content\/uploads\/2023\/12\/home-icon-03-1-40x40.png 40w, https:\/\/mueblesgamez.com\/wp-content\/uploads\/2023\/12\/home-icon-03-1-55x55.png 55w\" sizes=\"(max-width: 512px) 100vw, 512px\" \/><\/figure>\n<\/div>\n\n\n<p><\/p>\n\n\n\n<h5 class=\"wp-block-heading has-text-align-center\"><span style=\"color: #06a7ad\">Descanso garantizado.<\/span><\/h5>\n\n\n\n<p><\/p>\n\n\n\n<p class=\"has-text-align-center\">Fabricados con materiales de alta calidad. <\/p>\n<\/div>\n\n\n\n<div class=\"wp-block-column is-layout-flow wp-block-column-is-layout-flow\"><div class=\"wp-block-image\">\n<figure class=\"aligncenter size-full is-resized\"><img loading=\"lazy\" decoding=\"async\" width=\"512\" height=\"512\" src=\"https:\/\/mueblesgamez.com\/wp-content\/uploads\/2023\/12\/home-icon-04-1.png\" alt=\"\" class=\"wp-image-220\" style=\"width:64px;height:64px\" srcset=\"https:\/\/mueblesgamez.com\/wp-content\/uploads\/2023\/12\/home-icon-04-1.png 512w, https:\/\/mueblesgamez.com\/wp-content\/uploads\/2023\/12\/home-icon-04-1-300x300.png 300w, https:\/\/mueblesgamez.com\/wp-content\/uploads\/2023\/12\/home-icon-04-1-150x150.png 150w, https:\/\/mueblesgamez.com\/wp-content\/uploads\/2023\/12\/home-icon-04-1-100x100.png 100w, https:\/\/mueblesgamez.com\/wp-content\/uploads\/2023\/12\/home-icon-04-1-40x40.png 40w, https:\/\/mueblesgamez.com\/wp-content\/uploads\/2023\/12\/home-icon-04-1-55x55.png 55w\" sizes=\"(max-width: 512px) 100vw, 512px\" \/><\/figure>\n<\/div>\n\n\n<p><\/p>\n\n\n\n<h5 class=\"wp-block-heading has-text-align-center\"><span style=\"color: #06a7ad\">Env\u00edo a domicilio<\/span><\/h5>\n\n\n\n<p><\/p>\n\n\n\n<p class=\"has-text-align-center\">Tus muebles en casa en un plazo de 4 d\u00edas.<\/p>\n<\/div>\n<\/div>\n","protected":false},"excerpt":{"rendered":"<p>Tus dulces sue\u00f1os est\u00e1n aqu\u00ed. En Muebles G\u00e1mez llevamos m\u00e1s de 15 a\u00f1os en el mundo del mueble. Conocemos de primera mano la importancia del descanso, y contamos con una gran variedad de colchones y canap\u00e9s para que se ajusten a tus necesidades. Tecnolog\u00eda anti\u00e1caros Contamos con colchones antial\u00e9rgicos para que disfrutes de un mejor [&hellip;]<\/p>\n","protected":false},"author":1,"featured_media":0,"parent":0,"menu_order":0,"comment_status":"closed","ping_status":"closed","template":"","meta":{"footnotes":""},"class_list":["post-39","page","type-page","status-publish","hentry"],"_links":{"self":[{"href":"https:\/\/mueblesgamez.com\/index.php\/wp-json\/wp\/v2\/pages\/39","targetHints":{"allow":["GET"]}}],"collection":[{"href":"https:\/\/mueblesgamez.com\/index.php\/wp-json\/wp\/v2\/pages"}],"about":[{"href":"https:\/\/mueblesgamez.com\/index.php\/wp-json\/wp\/v2\/types\/page"}],"author":[{"embeddable":true,"href":"https:\/\/mueblesgamez.com\/index.php\/wp-json\/wp\/v2\/users\/1"}],"replies":[{"embeddable":true,"href":"https:\/\/mueblesgamez.com\/index.php\/wp-json\/wp\/v2\/comments?post=39"}],"version-history":[{"count":14,"href":"https:\/\/mueblesgamez.com\/index.php\/wp-json\/wp\/v2\/pages\/39\/revisions"}],"predecessor-version":[{"id":221,"href":"https:\/\/mueblesgamez.com\/index.php\/wp-json\/wp\/v2\/pages\/39\/revisions\/221"}],"wp:attachment":[{"href":"https:\/\/mueblesgamez.com\/index.php\/wp-json\/wp\/v2\/media?parent=39"}],"curies":[{"name":"wp","href":"https:\/\/api.w.org\/{rel}","templated":true}]}}